{"id":161,"date":"2017-12-26T23:41:00","date_gmt":"2017-12-26T22:41:00","guid":{"rendered":"http:\/\/seamec.se\/?page_id=161"},"modified":"2023-03-13T10:08:13","modified_gmt":"2023-03-13T09:08:13","slug":"var-verksamhet","status":"publish","type":"page","link":"https:\/\/seamec.se\/","title":{"rendered":"V\u00e5r verksamhet"},"content":{"rendered":"<p>Seamec Engineering har tv\u00e5 verksamhetsomr\u00e5den<\/p>\n<p>Plastsvetsning : <br \/>Konstruerar, bygger och reparerar vi olika produkter i polyeten.<br \/>Om man v\u00e4ljer r\u00e4tt typ av polyeten s\u00e5 \u00e4r den svetsbar, helt underh\u00e5llsfri, slagt\u00e5ligt och UV-best\u00e4ndigt<br \/>Polyetensvetsningen sker f\u00f6retr\u00e4delsevis med extrudersvets, mindre arbeten och i tunnare material utf\u00f6rs genom plasttr\u00e5dssvetsning med varmluftspistol.\u00a0<br \/>Polyetenskivor, r\u00f6r och solida rundst\u00e4nger\u00a0 finns alltid i lager.<br \/>Arbeten utf\u00f6rs vanligtvis i v\u00e5r verkstad p\u00e5 H\u00f6n\u00f6 men vi utf\u00f6r ocks\u00e5 mobila arbeten med eget generatoraggregat d\u00e4r tillg\u00e5ng till str\u00f6m saknas.<\/p>\n<p><a href=\"http:\/\/seamec.se\/wp-content\/uploads\/2023\/03\/IMG_5766-e1678615542759.jpg\"><img decoding=\"async\" loading=\"lazy\" class=\"alignnone size-medium wp-image-553\" src=\"http:\/\/seamec.se\/wp-content\/uploads\/2023\/03\/IMG_5766-e1678615542759-225x300.jpg\" alt=\"\" width=\"225\" height=\"300\" srcset=\"https:\/\/seamec.se\/wp-content\/uploads\/2023\/03\/IMG_5766-e1678615542759-225x300.jpg 225w, https:\/\/seamec.se\/wp-content\/uploads\/2023\/03\/IMG_5766-e1678615542759-768x1024.jpg 768w\" sizes=\"(max-width: 225px) 100vw, 225px\" \/><\/a><a href=\"http:\/\/seamec.se\/wp-content\/uploads\/2023\/03\/IMG_5632-e1678616342774.jpg\"><img decoding=\"async\" loading=\"lazy\" class=\"alignnone size-medium wp-image-581\" src=\"http:\/\/seamec.se\/wp-content\/uploads\/2023\/03\/IMG_5632-e1678616342774-225x300.jpg\" alt=\"\" width=\"225\" height=\"300\" srcset=\"https:\/\/seamec.se\/wp-content\/uploads\/2023\/03\/IMG_5632-e1678616342774-225x300.jpg 225w, https:\/\/seamec.se\/wp-content\/uploads\/2023\/03\/IMG_5632-e1678616342774-768x1024.jpg 768w\" sizes=\"(max-width: 225px) 100vw, 225px\" \/><\/a><a href=\"http:\/\/seamec.se\/wp-content\/uploads\/2023\/03\/IMG_5823-e1678616448105.jpg\"><img decoding=\"async\" loading=\"lazy\" class=\"alignnone size-medium wp-image-568\" src=\"http:\/\/seamec.se\/wp-content\/uploads\/2023\/03\/IMG_5823-e1678616448105-225x300.jpg\" alt=\"\" width=\"225\" height=\"300\" srcset=\"https:\/\/seamec.se\/wp-content\/uploads\/2023\/03\/IMG_5823-e1678616448105-225x300.jpg 225w, https:\/\/seamec.se\/wp-content\/uploads\/2023\/03\/IMG_5823-e1678616448105-768x1024.jpg 768w\" sizes=\"(max-width: 225px) 100vw, 225px\" \/><\/a><a href=\"http:\/\/seamec.se\/wp-content\/uploads\/2023\/03\/IMG_5857.jpg\"><img decoding=\"async\" loading=\"lazy\" class=\"alignnone size-medium wp-image-569\" src=\"http:\/\/seamec.se\/wp-content\/uploads\/2023\/03\/IMG_5857-300x225.jpg\" alt=\"\" width=\"300\" height=\"225\" \/><\/a><\/p>\n<p>\u00a0<\/p>\n<p>Bryggservice:<br \/>Inriktning \u00e4r inspektion och underh\u00e5ll av k\u00e4tting och f\u00f6rankringar till flytbryggor, \u00e4ven utl\u00e4ggning av betongankare till bojar och akterf\u00e4sten. Mindre reparationer av fasta bryggor samt utl\u00e4ggning\/reparation av sj\u00f6ledning finns ocks\u00e5 i verksamheten.<\/p>\n<p>Vi har\u00a0alltid bryggk\u00e4tting, schackels, kraftig tamp, betongankare och\u00a0bojar\u00a0mm i lager s\u00e5 att eventuellt arbete efter en inspektion flyter p\u00e5 utan on\u00f6diga st\u00f6rningar.<\/p>\n<p>V\u00e5ra dykare har l\u00e5ng erfarenhet av inspektioner och hur en flytbrygga skall f\u00f6rankras f\u00f6r att ligga s\u00e4kert.<\/p>\n<p>V\u00e5r filosofi \u00e4r att man skall g\u00f6ra jobbet &#8221;en g\u00e5ng&#8221; dvs, g\u00f6ra det riktigt, anv\u00e4nda material av god kvalitet och dimensionera rej\u00e4lt.<\/p>\n<p>Mvh<br \/>Johan H\u00e4ggstr\u00f6m<\/p>\n<p><a href=\"http:\/\/seamec.se\/wp-content\/uploads\/2023\/03\/IMG_3384-e1678616558796.jpg\"><img decoding=\"async\" loading=\"lazy\" class=\"alignnone size-medium wp-image-538\" src=\"http:\/\/seamec.se\/wp-content\/uploads\/2023\/03\/IMG_3384-e1678616558796-225x300.jpg\" alt=\"\" width=\"225\" height=\"300\" srcset=\"https:\/\/seamec.se\/wp-content\/uploads\/2023\/03\/IMG_3384-e1678616558796-225x300.jpg 225w, https:\/\/seamec.se\/wp-content\/uploads\/2023\/03\/IMG_3384-e1678616558796-768x1024.jpg 768w\" sizes=\"(max-width: 225px) 100vw, 225px\" \/><\/a><a href=\"http:\/\/seamec.se\/wp-content\/uploads\/2023\/03\/IMG_2994-e1678616671524.jpg\"><img decoding=\"async\" loading=\"lazy\" class=\"alignnone size-medium wp-image-512\" src=\"http:\/\/seamec.se\/wp-content\/uploads\/2023\/03\/IMG_2994-e1678616671524-225x300.jpg\" alt=\"\" width=\"225\" height=\"300\" srcset=\"https:\/\/seamec.se\/wp-content\/uploads\/2023\/03\/IMG_2994-e1678616671524-225x300.jpg 225w, https:\/\/seamec.se\/wp-content\/uploads\/2023\/03\/IMG_2994-e1678616671524-768x1024.jpg 768w\" sizes=\"(max-width: 225px) 100vw, 225px\" \/><\/a><a href=\"http:\/\/seamec.se\/wp-content\/uploads\/2023\/03\/IMG_2637.jpg\"><img decoding=\"async\" loading=\"lazy\" class=\"alignnone size-medium wp-image-520\" src=\"http:\/\/seamec.se\/wp-content\/uploads\/2023\/03\/IMG_2637-300x225.jpg\" alt=\"\" width=\"300\" height=\"225\" srcset=\"https:\/\/seamec.se\/wp-content\/uploads\/2023\/03\/IMG_2637-300x225.jpg 300w, https:\/\/seamec.se\/wp-content\/uploads\/2023\/03\/IMG_2637-768x576.jpg 768w, https:\/\/seamec.se\/wp-content\/uploads\/2023\/03\/IMG_2637-1024x768.jpg 1024w\" sizes=\"(max-width: 300px) 100vw, 300px\" \/><\/a><a href=\"http:\/\/seamec.se\/wp-content\/uploads\/2019\/10\/IMG_5620-e1570373857979.jpg\"><img decoding=\"async\" loading=\"lazy\" class=\"alignnone size-medium wp-image-472\" src=\"http:\/\/seamec.se\/wp-content\/uploads\/2019\/10\/IMG_5620-e1570373857979-225x300.jpg\" alt=\"\" width=\"225\" height=\"300\" srcset=\"https:\/\/seamec.se\/wp-content\/uploads\/2019\/10\/IMG_5620-e1570373857979-225x300.jpg 225w, https:\/\/seamec.se\/wp-content\/uploads\/2019\/10\/IMG_5620-e1570373857979.jpg 480w\" sizes=\"(max-width: 225px) 100vw, 225px\" \/><\/a><\/p>\n<p>\u00a0<\/p>\n\n\n<p><\/p>\n","protected":false},"excerpt":{"rendered":"<p>Seamec Engineering har tv\u00e5 verksamhetsomr\u00e5den Plastsvetsning : Konstruerar, bygger och reparerar vi olika produkter i polyeten.Om man v\u00e4ljer r\u00e4tt typ av polyeten s\u00e5 \u00e4r den svetsbar, helt underh\u00e5llsfri, slagt\u00e5ligt och UV-best\u00e4ndigtPolyetensvetsningen sker f\u00f6retr\u00e4delsevis med extrudersvets, mindre arbeten och i tunnare material utf\u00f6rs genom plasttr\u00e5dssvetsning med<a href=\"https:\/\/seamec.se\/\">Read More &raquo;<\/a><\/p>\n","protected":false},"author":1,"featured_media":0,"parent":0,"menu_order":0,"comment_status":"closed","ping_status":"closed","template":"","meta":[],"yoast_head":"<!-- This site is optimized with the Yoast SEO plugin v20.2.1 - https:\/\/yoast.com\/wordpress\/plugins\/seo\/ -->\n<title>V\u00e5r verksamhet - Seamec Engineering<\/title>\n<meta name=\"description\" content=\"plastsvets plastsvetsning polyeten polyetensvetsning hdpe PE100 PE-100 PE300 PE-300 extrudersvets g\u00f6teborg H\u00f6n\u00f6 polyetenb\u00e5t plast svets\" \/>\n<meta name=\"robots\" content=\"index, follow, max-snippet:-1, max-image-preview:large, max-video-preview:-1\" \/>\n<link rel=\"canonical\" href=\"http:\/\/seamec.se\/\" \/>\n<meta property=\"og:locale\" content=\"sv_SE\" \/>\n<meta property=\"og:type\" content=\"article\" \/>\n<meta property=\"og:title\" content=\"V\u00e5r verksamhet - Seamec Engineering\" \/>\n<meta property=\"og:description\" content=\"plastsvets plastsvetsning polyeten polyetensvetsning hdpe PE100 PE-100 PE300 PE-300 extrudersvets g\u00f6teborg H\u00f6n\u00f6 polyetenb\u00e5t plast svets\" \/>\n<meta property=\"og:url\" content=\"http:\/\/seamec.se\/\" \/>\n<meta property=\"og:site_name\" content=\"Seamec Engineering\" \/>\n<meta property=\"article:modified_time\" content=\"2023-03-13T09:08:13+00:00\" \/>\n<meta property=\"og:image\" content=\"http:\/\/seamec.se\/wp-content\/uploads\/2023\/03\/IMG_5766-e1678615542759-225x300.jpg\" \/>\n<meta name=\"twitter:card\" content=\"summary_large_image\" \/>\n<meta name=\"twitter:label1\" content=\"Ber\u00e4knad l\u00e4stid\" \/>\n\t<meta name=\"twitter:data1\" content=\"3 minuter\" \/>\n<script type=\"application\/ld+json\" class=\"yoast-schema-graph\">{\"@context\":\"https:\/\/schema.org\",\"@graph\":[{\"@type\":\"WebPage\",\"@id\":\"http:\/\/seamec.se\/\",\"url\":\"http:\/\/seamec.se\/\",\"name\":\"V\u00e5r verksamhet - Seamec Engineering\",\"isPartOf\":{\"@id\":\"http:\/\/seamec.se\/#website\"},\"datePublished\":\"2017-12-26T22:41:00+00:00\",\"dateModified\":\"2023-03-13T09:08:13+00:00\",\"description\":\"plastsvets plastsvetsning polyeten polyetensvetsning hdpe PE100 PE-100 PE300 PE-300 extrudersvets g\u00f6teborg H\u00f6n\u00f6 polyetenb\u00e5t plast svets\",\"breadcrumb\":{\"@id\":\"http:\/\/seamec.se\/#breadcrumb\"},\"inLanguage\":\"sv-SE\",\"potentialAction\":[{\"@type\":\"ReadAction\",\"target\":[\"http:\/\/seamec.se\/\"]}]},{\"@type\":\"BreadcrumbList\",\"@id\":\"http:\/\/seamec.se\/#breadcrumb\",\"itemListElement\":[{\"@type\":\"ListItem\",\"position\":1,\"name\":\"Home\",\"item\":\"http:\/\/seamec.se\/\"},{\"@type\":\"ListItem\",\"position\":2,\"name\":\"V\u00e5r verksamhet\"}]},{\"@type\":\"WebSite\",\"@id\":\"http:\/\/seamec.se\/#website\",\"url\":\"http:\/\/seamec.se\/\",\"name\":\"Seamec Engineering\",\"description\":\"Hamn &amp; Sj\u00f6service\",\"potentialAction\":[{\"@type\":\"SearchAction\",\"target\":{\"@type\":\"EntryPoint\",\"urlTemplate\":\"http:\/\/seamec.se\/?s={search_term_string}\"},\"query-input\":\"required name=search_term_string\"}],\"inLanguage\":\"sv-SE\"}]}<\/script>\n<!-- \/ Yoast SEO plugin. -->","yoast_head_json":{"title":"V\u00e5r verksamhet - Seamec Engineering","description":"plastsvets plastsvetsning polyeten polyetensvetsning hdpe PE100 PE-100 PE300 PE-300 extrudersvets g\u00f6teborg H\u00f6n\u00f6 polyetenb\u00e5t plast svets","robots":{"index":"index","follow":"follow","max-snippet":"max-snippet:-1","max-image-preview":"max-image-preview:large","max-video-preview":"max-video-preview:-1"},"canonical":"http:\/\/seamec.se\/","og_locale":"sv_SE","og_type":"article","og_title":"V\u00e5r verksamhet - Seamec Engineering","og_description":"plastsvets plastsvetsning polyeten polyetensvetsning hdpe PE100 PE-100 PE300 PE-300 extrudersvets g\u00f6teborg H\u00f6n\u00f6 polyetenb\u00e5t plast svets","og_url":"http:\/\/seamec.se\/","og_site_name":"Seamec Engineering","article_modified_time":"2023-03-13T09:08:13+00:00","og_image":[{"url":"http:\/\/seamec.se\/wp-content\/uploads\/2023\/03\/IMG_5766-e1678615542759-225x300.jpg"}],"twitter_card":"summary_large_image","twitter_misc":{"Ber\u00e4knad l\u00e4stid":"3 minuter"},"schema":{"@context":"https:\/\/schema.org","@graph":[{"@type":"WebPage","@id":"http:\/\/seamec.se\/","url":"http:\/\/seamec.se\/","name":"V\u00e5r verksamhet - Seamec Engineering","isPartOf":{"@id":"http:\/\/seamec.se\/#website"},"datePublished":"2017-12-26T22:41:00+00:00","dateModified":"2023-03-13T09:08:13+00:00","description":"plastsvets plastsvetsning polyeten polyetensvetsning hdpe PE100 PE-100 PE300 PE-300 extrudersvets g\u00f6teborg H\u00f6n\u00f6 polyetenb\u00e5t plast svets","breadcrumb":{"@id":"http:\/\/seamec.se\/#breadcrumb"},"inLanguage":"sv-SE","potentialAction":[{"@type":"ReadAction","target":["http:\/\/seamec.se\/"]}]},{"@type":"BreadcrumbList","@id":"http:\/\/seamec.se\/#breadcrumb","itemListElement":[{"@type":"ListItem","position":1,"name":"Home","item":"http:\/\/seamec.se\/"},{"@type":"ListItem","position":2,"name":"V\u00e5r verksamhet"}]},{"@type":"WebSite","@id":"http:\/\/seamec.se\/#website","url":"http:\/\/seamec.se\/","name":"Seamec Engineering","description":"Hamn &amp; Sj\u00f6service","potentialAction":[{"@type":"SearchAction","target":{"@type":"EntryPoint","urlTemplate":"http:\/\/seamec.se\/?s={search_term_string}"},"query-input":"required name=search_term_string"}],"inLanguage":"sv-SE"}]}},"_links":{"self":[{"href":"https:\/\/seamec.se\/index.php?rest_route=\/wp\/v2\/pages\/161"}],"collection":[{"href":"https:\/\/seamec.se\/index.php?rest_route=\/wp\/v2\/pages"}],"about":[{"href":"https:\/\/seamec.se\/index.php?rest_route=\/wp\/v2\/types\/page"}],"author":[{"embeddable":true,"href":"https:\/\/seamec.se\/index.php?rest_route=\/wp\/v2\/users\/1"}],"replies":[{"embeddable":true,"href":"https:\/\/seamec.se\/index.php?rest_route=%2Fwp%2Fv2%2Fcomments&post=161"}],"version-history":[{"count":29,"href":"https:\/\/seamec.se\/index.php?rest_route=\/wp\/v2\/pages\/161\/revisions"}],"predecessor-version":[{"id":634,"href":"https:\/\/seamec.se\/index.php?rest_route=\/wp\/v2\/pages\/161\/revisions\/634"}],"wp:attachment":[{"href":"https:\/\/seamec.se\/index.php?rest_route=%2Fwp%2Fv2%2Fmedia&parent=161"}],"curies":[{"name":"wp","href":"https:\/\/api.w.org\/{rel}","templated":true}]}}