{"id":457,"date":"2019-10-06T14:46:46","date_gmt":"2019-10-06T13:46:46","guid":{"rendered":"http:\/\/seamec.se\/?page_id=457"},"modified":"2023-07-22T14:19:00","modified_gmt":"2023-07-22T13:19:00","slug":"batbargning","status":"publish","type":"page","link":"http:\/\/seamec.se\/?page_id=457","title":{"rendered":"B\u00e4rgning"},"content":{"rendered":"\n<figure class=\"wp-block-image size-large\"><a href=\"http:\/\/seamec.se\/wp-content\/uploads\/2023\/07\/Hjuvik-rotated.jpg\"><img decoding=\"async\" loading=\"lazy\" width=\"768\" height=\"1024\" src=\"http:\/\/seamec.se\/wp-content\/uploads\/2023\/07\/Hjuvik-768x1024.jpg\" alt=\"\" class=\"wp-image-638\" srcset=\"http:\/\/seamec.se\/wp-content\/uploads\/2023\/07\/Hjuvik-768x1024.jpg 768w, http:\/\/seamec.se\/wp-content\/uploads\/2023\/07\/Hjuvik-225x300.jpg 225w, http:\/\/seamec.se\/wp-content\/uploads\/2023\/07\/Hjuvik-1152x1536.jpg 1152w, http:\/\/seamec.se\/wp-content\/uploads\/2023\/07\/Hjuvik-rotated.jpg 1512w\" sizes=\"(max-width: 768px) 100vw, 768px\" \/><\/a><figcaption class=\"wp-element-caption\">B\u00e5tb\u00e4rgning d\u00e4r vi f\u00f6rst s\u00e4krar f\u00f6ren med bl\u00e5sor. B\u00e5de f\u00f6r att avlasta knapen och s\u00e4kerst\u00e4lla att<br>f\u00f6ren inte sjunker n\u00e4r vi lyfter i aktern.<\/figcaption><\/figure>\n\n\n\n<figure class=\"wp-block-image size-large\"><a href=\"http:\/\/seamec.se\/wp-content\/uploads\/2023\/07\/Hjuvik-2-rotated.jpg\"><img decoding=\"async\" loading=\"lazy\" width=\"768\" height=\"1024\" src=\"http:\/\/seamec.se\/wp-content\/uploads\/2023\/07\/Hjuvik-2-768x1024.jpg\" alt=\"\" class=\"wp-image-639\" srcset=\"http:\/\/seamec.se\/wp-content\/uploads\/2023\/07\/Hjuvik-2-768x1024.jpg 768w, http:\/\/seamec.se\/wp-content\/uploads\/2023\/07\/Hjuvik-2-225x300.jpg 225w, http:\/\/seamec.se\/wp-content\/uploads\/2023\/07\/Hjuvik-2-1152x1536.jpg 1152w, http:\/\/seamec.se\/wp-content\/uploads\/2023\/07\/Hjuvik-2-rotated.jpg 1512w\" sizes=\"(max-width: 768px) 100vw, 768px\" \/><\/a><figcaption class=\"wp-element-caption\">L\u00e4tt att b\u00e4rga b\u00e5t n\u00e4r det \u00e4r 20 grader i vattnet.<\/figcaption><\/figure>\n\n\n\n<figure class=\"wp-block-image size-large\"><a href=\"http:\/\/seamec.se\/wp-content\/uploads\/2023\/07\/Hjuvik-3-rotated.jpg\"><img decoding=\"async\" loading=\"lazy\" width=\"768\" height=\"1024\" src=\"http:\/\/seamec.se\/wp-content\/uploads\/2023\/07\/Hjuvik-3-768x1024.jpg\" alt=\"\" class=\"wp-image-640\" srcset=\"http:\/\/seamec.se\/wp-content\/uploads\/2023\/07\/Hjuvik-3-768x1024.jpg 768w, http:\/\/seamec.se\/wp-content\/uploads\/2023\/07\/Hjuvik-3-225x300.jpg 225w, http:\/\/seamec.se\/wp-content\/uploads\/2023\/07\/Hjuvik-3-1152x1536.jpg 1152w, http:\/\/seamec.se\/wp-content\/uploads\/2023\/07\/Hjuvik-3-rotated.jpg 1512w\" sizes=\"(max-width: 768px) 100vw, 768px\" \/><\/a><figcaption class=\"wp-element-caption\">Klart att b\u00f6rja lyfta<\/figcaption><\/figure>\n\n\n\n<figure class=\"wp-block-image size-large\"><a href=\"http:\/\/seamec.se\/wp-content\/uploads\/2023\/07\/Hjuvik-4.jpg\"><img decoding=\"async\" loading=\"lazy\" width=\"1024\" height=\"768\" src=\"http:\/\/seamec.se\/wp-content\/uploads\/2023\/07\/Hjuvik-4-1024x768.jpg\" alt=\"\" class=\"wp-image-641\" srcset=\"http:\/\/seamec.se\/wp-content\/uploads\/2023\/07\/Hjuvik-4-1024x768.jpg 1024w, http:\/\/seamec.se\/wp-content\/uploads\/2023\/07\/Hjuvik-4-300x225.jpg 300w, http:\/\/seamec.se\/wp-content\/uploads\/2023\/07\/Hjuvik-4-768x576.jpg 768w, http:\/\/seamec.se\/wp-content\/uploads\/2023\/07\/Hjuvik-4-1536x1152.jpg 1536w, http:\/\/seamec.se\/wp-content\/uploads\/2023\/07\/Hjuvik-4.jpg 2016w\" sizes=\"(max-width: 1024px) 100vw, 1024px\" \/><\/a><figcaption class=\"wp-element-caption\">T\u00e4tat det sista och dubbla l\u00e4nspumpar<\/figcaption><\/figure>\n\n\n\n<figure class=\"wp-block-image size-large\"><a href=\"http:\/\/seamec.se\/wp-content\/uploads\/2023\/07\/Hjuvik-5-rotated.jpg\"><img decoding=\"async\" loading=\"lazy\" width=\"768\" height=\"1024\" src=\"http:\/\/seamec.se\/wp-content\/uploads\/2023\/07\/Hjuvik-5-768x1024.jpg\" alt=\"\" class=\"wp-image-642\" srcset=\"http:\/\/seamec.se\/wp-content\/uploads\/2023\/07\/Hjuvik-5-768x1024.jpg 768w, http:\/\/seamec.se\/wp-content\/uploads\/2023\/07\/Hjuvik-5-225x300.jpg 225w, http:\/\/seamec.se\/wp-content\/uploads\/2023\/07\/Hjuvik-5-1152x1536.jpg 1152w, http:\/\/seamec.se\/wp-content\/uploads\/2023\/07\/Hjuvik-5-rotated.jpg 1512w\" sizes=\"(max-width: 768px) 100vw, 768px\" \/><\/a><\/figure>\n\n\n\n<figure class=\"wp-block-image size-large\"><a href=\"http:\/\/seamec.se\/wp-content\/uploads\/2023\/03\/IMG_2841-e1678626040686.jpg\"><img decoding=\"async\" loading=\"lazy\" width=\"768\" height=\"1024\" src=\"http:\/\/seamec.se\/wp-content\/uploads\/2023\/03\/IMG_2841-e1678626040686-768x1024.jpg\" alt=\"\" class=\"wp-image-522\" srcset=\"http:\/\/seamec.se\/wp-content\/uploads\/2023\/03\/IMG_2841-e1678626040686-768x1024.jpg 768w, http:\/\/seamec.se\/wp-content\/uploads\/2023\/03\/IMG_2841-e1678626040686-225x300.jpg 225w\" sizes=\"(max-width: 768px) 100vw, 768px\" \/><\/a><figcaption class=\"wp-element-caption\">I \u00e4ndan p\u00e5 tampen ligger en flytbrygga p\u00e5 botten<\/figcaption><\/figure>\n\n\n\n<figure class=\"wp-block-image size-large\"><a href=\"http:\/\/seamec.se\/wp-content\/uploads\/2023\/03\/IMG_2852-e1678625977788.jpg\"><img decoding=\"async\" loading=\"lazy\" width=\"768\" height=\"1024\" src=\"http:\/\/seamec.se\/wp-content\/uploads\/2023\/03\/IMG_2852-e1678625977788-768x1024.jpg\" alt=\"\" class=\"wp-image-526\" srcset=\"http:\/\/seamec.se\/wp-content\/uploads\/2023\/03\/IMG_2852-e1678625977788-768x1024.jpg 768w, http:\/\/seamec.se\/wp-content\/uploads\/2023\/03\/IMG_2852-e1678625977788-225x300.jpg 225w\" sizes=\"(max-width: 768px) 100vw, 768px\" \/><\/a><figcaption class=\"wp-element-caption\">Med dieselkompressor, bl\u00e5sr\u00f6r och dykare fick vi under wire f\u00f6r att kunna g\u00f6ra lyftet<\/figcaption><\/figure>\n\n\n\n<figure class=\"wp-block-image size-large\"><a href=\"http:\/\/seamec.se\/wp-content\/uploads\/2023\/03\/IMG_2637.jpg\"><img decoding=\"async\" loading=\"lazy\" width=\"1024\" height=\"768\" src=\"http:\/\/seamec.se\/wp-content\/uploads\/2023\/03\/IMG_2637-1024x768.jpg\" alt=\"\" class=\"wp-image-520\" srcset=\"http:\/\/seamec.se\/wp-content\/uploads\/2023\/03\/IMG_2637-1024x768.jpg 1024w, http:\/\/seamec.se\/wp-content\/uploads\/2023\/03\/IMG_2637-300x225.jpg 300w, http:\/\/seamec.se\/wp-content\/uploads\/2023\/03\/IMG_2637-768x576.jpg 768w\" sizes=\"(max-width: 1024px) 100vw, 1024px\" \/><\/a><figcaption class=\"wp-element-caption\">L\u00e4nsning innan lyftet upp p\u00e5 land<\/figcaption><\/figure>\n\n\n\n<figure class=\"wp-block-image size-large\"><a href=\"http:\/\/seamec.se\/wp-content\/uploads\/2023\/07\/IMG_3140-scaled.jpg\"><img decoding=\"async\" loading=\"lazy\" width=\"768\" height=\"1024\" src=\"http:\/\/seamec.se\/wp-content\/uploads\/2023\/07\/IMG_3140-768x1024.jpg\" alt=\"\" class=\"wp-image-667\" srcset=\"http:\/\/seamec.se\/wp-content\/uploads\/2023\/07\/IMG_3140-768x1024.jpg 768w, http:\/\/seamec.se\/wp-content\/uploads\/2023\/07\/IMG_3140-225x300.jpg 225w, http:\/\/seamec.se\/wp-content\/uploads\/2023\/07\/IMG_3140-1152x1536.jpg 1152w, http:\/\/seamec.se\/wp-content\/uploads\/2023\/07\/IMG_3140-1536x2048.jpg 1536w, http:\/\/seamec.se\/wp-content\/uploads\/2023\/07\/IMG_3140-scaled.jpg 1920w\" sizes=\"(max-width: 768px) 100vw, 768px\" \/><\/a><\/figure>\n\n\n\n<figure class=\"wp-block-image size-large\"><a href=\"http:\/\/seamec.se\/wp-content\/uploads\/2023\/07\/IMG_3102-scaled.jpg\"><img decoding=\"async\" loading=\"lazy\" width=\"768\" height=\"1024\" src=\"http:\/\/seamec.se\/wp-content\/uploads\/2023\/07\/IMG_3102-768x1024.jpg\" alt=\"\" class=\"wp-image-668\" srcset=\"http:\/\/seamec.se\/wp-content\/uploads\/2023\/07\/IMG_3102-768x1024.jpg 768w, http:\/\/seamec.se\/wp-content\/uploads\/2023\/07\/IMG_3102-225x300.jpg 225w, http:\/\/seamec.se\/wp-content\/uploads\/2023\/07\/IMG_3102-1152x1536.jpg 1152w, http:\/\/seamec.se\/wp-content\/uploads\/2023\/07\/IMG_3102-1536x2048.jpg 1536w, http:\/\/seamec.se\/wp-content\/uploads\/2023\/07\/IMG_3102-scaled.jpg 1920w\" sizes=\"(max-width: 768px) 100vw, 768px\" \/><\/a><\/figure>\n\n\n\n<figure class=\"wp-block-image size-large\"><a href=\"http:\/\/seamec.se\/wp-content\/uploads\/2023\/07\/Bogsering-1-rotated.jpg\"><img decoding=\"async\" loading=\"lazy\" width=\"768\" height=\"1024\" src=\"http:\/\/seamec.se\/wp-content\/uploads\/2023\/07\/Bogsering-1-768x1024.jpg\" alt=\"\" class=\"wp-image-637\" srcset=\"http:\/\/seamec.se\/wp-content\/uploads\/2023\/07\/Bogsering-1-768x1024.jpg 768w, http:\/\/seamec.se\/wp-content\/uploads\/2023\/07\/Bogsering-1-225x300.jpg 225w, http:\/\/seamec.se\/wp-content\/uploads\/2023\/07\/Bogsering-1-1152x1536.jpg 1152w, http:\/\/seamec.se\/wp-content\/uploads\/2023\/07\/Bogsering-1-rotated.jpg 1512w\" sizes=\"(max-width: 768px) 100vw, 768px\" \/><\/a><figcaption class=\"wp-element-caption\">Bogsering av b\u00e5t med motorhaveri<\/figcaption><\/figure>\n\n\n\n<figure class=\"wp-block-image size-full\"><a href=\"http:\/\/seamec.se\/wp-content\/uploads\/2019\/10\/IMG_5183.jpg\"><img decoding=\"async\" loading=\"lazy\" width=\"480\" height=\"640\" src=\"http:\/\/seamec.se\/wp-content\/uploads\/2019\/10\/IMG_5183.jpg\" alt=\"\" class=\"wp-image-467\" srcset=\"http:\/\/seamec.se\/wp-content\/uploads\/2019\/10\/IMG_5183.jpg 480w, http:\/\/seamec.se\/wp-content\/uploads\/2019\/10\/IMG_5183-225x300.jpg 225w\" sizes=\"(max-width: 480px) 100vw, 480px\" \/><\/a><figcaption class=\"wp-element-caption\">B\u00e4rgning av b\u00e5t som sjunkit vid sin brygga<\/figcaption><\/figure>\n\n\n\n<figure class=\"wp-block-image size-full\"><a href=\"http:\/\/seamec.se\/wp-content\/uploads\/2019\/10\/IMG_6523.jpg\"><img decoding=\"async\" loading=\"lazy\" width=\"640\" height=\"480\" src=\"http:\/\/seamec.se\/wp-content\/uploads\/2019\/10\/IMG_6523.jpg\" alt=\"\" class=\"wp-image-468\" srcset=\"http:\/\/seamec.se\/wp-content\/uploads\/2019\/10\/IMG_6523.jpg 640w, http:\/\/seamec.se\/wp-content\/uploads\/2019\/10\/IMG_6523-300x225.jpg 300w\" sizes=\"(max-width: 640px) 100vw, 640px\" \/><\/a><\/figure>\n","protected":false},"excerpt":{"rendered":"","protected":false},"author":1,"featured_media":0,"parent":0,"menu_order":0,"comment_status":"closed","ping_status":"closed","template":"","meta":[],"yoast_head":"<!-- This site is optimized with the Yoast SEO plugin v20.2.1 - https:\/\/yoast.com\/wordpress\/plugins\/seo\/ -->\n<title>B\u00e4rgning - Seamec Engineering<\/title>\n<meta name=\"robots\" content=\"index, follow, max-snippet:-1, max-image-preview:large, max-video-preview:-1\" \/>\n<link rel=\"canonical\" href=\"https:\/\/seamec.se\/?page_id=457\" \/>\n<meta property=\"og:locale\" content=\"sv_SE\" \/>\n<meta property=\"og:type\" content=\"article\" \/>\n<meta property=\"og:title\" content=\"B\u00e4rgning - Seamec Engineering\" \/>\n<meta property=\"og:url\" content=\"https:\/\/seamec.se\/?page_id=457\" \/>\n<meta property=\"og:site_name\" content=\"Seamec Engineering\" \/>\n<meta property=\"article:modified_time\" content=\"2023-07-22T13:19:00+00:00\" \/>\n<meta property=\"og:image\" content=\"http:\/\/seamec.se\/wp-content\/uploads\/2023\/07\/Hjuvik-768x1024.jpg\" \/>\n<meta name=\"twitter:card\" content=\"summary_large_image\" \/>\n<meta name=\"twitter:label1\" content=\"Ber\u00e4knad l\u00e4stid\" \/>\n\t<meta name=\"twitter:data1\" content=\"4 minuter\" \/>\n<script type=\"application\/ld+json\" class=\"yoast-schema-graph\">{\"@context\":\"https:\/\/schema.org\",\"@graph\":[{\"@type\":\"WebPage\",\"@id\":\"https:\/\/seamec.se\/?page_id=457\",\"url\":\"https:\/\/seamec.se\/?page_id=457\",\"name\":\"B\u00e4rgning - Seamec Engineering\",\"isPartOf\":{\"@id\":\"https:\/\/seamec.se\/#website\"},\"datePublished\":\"2019-10-06T13:46:46+00:00\",\"dateModified\":\"2023-07-22T13:19:00+00:00\",\"breadcrumb\":{\"@id\":\"https:\/\/seamec.se\/?page_id=457#breadcrumb\"},\"inLanguage\":\"sv-SE\",\"potentialAction\":[{\"@type\":\"ReadAction\",\"target\":[\"https:\/\/seamec.se\/?page_id=457\"]}]},{\"@type\":\"BreadcrumbList\",\"@id\":\"https:\/\/seamec.se\/?page_id=457#breadcrumb\",\"itemListElement\":[{\"@type\":\"ListItem\",\"position\":1,\"name\":\"Home\",\"item\":\"https:\/\/seamec.se\/\"},{\"@type\":\"ListItem\",\"position\":2,\"name\":\"B\u00e4rgning\"}]},{\"@type\":\"WebSite\",\"@id\":\"https:\/\/seamec.se\/#website\",\"url\":\"https:\/\/seamec.se\/\",\"name\":\"Seamec Engineering\",\"description\":\"Hamn &amp; Sj\u00f6service\",\"potentialAction\":[{\"@type\":\"SearchAction\",\"target\":{\"@type\":\"EntryPoint\",\"urlTemplate\":\"https:\/\/seamec.se\/?s={search_term_string}\"},\"query-input\":\"required name=search_term_string\"}],\"inLanguage\":\"sv-SE\"}]}<\/script>\n<!-- \/ Yoast SEO plugin. -->","yoast_head_json":{"title":"B\u00e4rgning - Seamec Engineering","robots":{"index":"index","follow":"follow","max-snippet":"max-snippet:-1","max-image-preview":"max-image-preview:large","max-video-preview":"max-video-preview:-1"},"canonical":"https:\/\/seamec.se\/?page_id=457","og_locale":"sv_SE","og_type":"article","og_title":"B\u00e4rgning - Seamec Engineering","og_url":"https:\/\/seamec.se\/?page_id=457","og_site_name":"Seamec Engineering","article_modified_time":"2023-07-22T13:19:00+00:00","og_image":[{"url":"http:\/\/seamec.se\/wp-content\/uploads\/2023\/07\/Hjuvik-768x1024.jpg"}],"twitter_card":"summary_large_image","twitter_misc":{"Ber\u00e4knad l\u00e4stid":"4 minuter"},"schema":{"@context":"https:\/\/schema.org","@graph":[{"@type":"WebPage","@id":"https:\/\/seamec.se\/?page_id=457","url":"https:\/\/seamec.se\/?page_id=457","name":"B\u00e4rgning - Seamec Engineering","isPartOf":{"@id":"https:\/\/seamec.se\/#website"},"datePublished":"2019-10-06T13:46:46+00:00","dateModified":"2023-07-22T13:19:00+00:00","breadcrumb":{"@id":"https:\/\/seamec.se\/?page_id=457#breadcrumb"},"inLanguage":"sv-SE","potentialAction":[{"@type":"ReadAction","target":["https:\/\/seamec.se\/?page_id=457"]}]},{"@type":"BreadcrumbList","@id":"https:\/\/seamec.se\/?page_id=457#breadcrumb","itemListElement":[{"@type":"ListItem","position":1,"name":"Home","item":"https:\/\/seamec.se\/"},{"@type":"ListItem","position":2,"name":"B\u00e4rgning"}]},{"@type":"WebSite","@id":"https:\/\/seamec.se\/#website","url":"https:\/\/seamec.se\/","name":"Seamec Engineering","description":"Hamn &amp; Sj\u00f6service","potentialAction":[{"@type":"SearchAction","target":{"@type":"EntryPoint","urlTemplate":"https:\/\/seamec.se\/?s={search_term_string}"},"query-input":"required name=search_term_string"}],"inLanguage":"sv-SE"}]}},"_links":{"self":[{"href":"http:\/\/seamec.se\/index.php?rest_route=\/wp\/v2\/pages\/457"}],"collection":[{"href":"http:\/\/seamec.se\/index.php?rest_route=\/wp\/v2\/pages"}],"about":[{"href":"http:\/\/seamec.se\/index.php?rest_route=\/wp\/v2\/types\/page"}],"author":[{"embeddable":true,"href":"http:\/\/seamec.se\/index.php?rest_route=\/wp\/v2\/users\/1"}],"replies":[{"embeddable":true,"href":"http:\/\/seamec.se\/index.php?rest_route=%2Fwp%2Fv2%2Fcomments&post=457"}],"version-history":[{"count":8,"href":"http:\/\/seamec.se\/index.php?rest_route=\/wp\/v2\/pages\/457\/revisions"}],"predecessor-version":[{"id":669,"href":"http:\/\/seamec.se\/index.php?rest_route=\/wp\/v2\/pages\/457\/revisions\/669"}],"wp:attachment":[{"href":"http:\/\/seamec.se\/index.php?rest_route=%2Fwp%2Fv2%2Fmedia&parent=457"}],"curies":[{"name":"wp","href":"https:\/\/api.w.org\/{rel}","templated":true}]}}