{"id":39,"date":"2017-12-25T11:58:40","date_gmt":"2017-12-25T10:58:40","guid":{"rendered":"http:\/\/seamec.se\/?page_id=39"},"modified":"2023-03-12T15:59:11","modified_gmt":"2023-03-12T14:59:11","slug":"kontakta-oss","status":"publish","type":"page","link":"http:\/\/seamec.se\/?page_id=39","title":{"rendered":"Kontakta oss"},"content":{"rendered":"<p><a href=\"http:\/\/seamec.se\/wp-content\/uploads\/2018\/01\/Karta-1.jpg\"><img decoding=\"async\" loading=\"lazy\" class=\"alignnone size-medium wp-image-376\" src=\"http:\/\/seamec.se\/wp-content\/uploads\/2018\/01\/Karta-1-300x290.jpg\" alt=\"\" width=\"300\" height=\"290\" srcset=\"http:\/\/seamec.se\/wp-content\/uploads\/2018\/01\/Karta-1-300x290.jpg 300w, http:\/\/seamec.se\/wp-content\/uploads\/2018\/01\/Karta-1.jpg 634w\" sizes=\"(max-width: 300px) 100vw, 300px\" \/><\/a><a href=\"http:\/\/seamec.se\/wp-content\/uploads\/2018\/01\/Karta-2.jpg\"><img decoding=\"async\" loading=\"lazy\" class=\"alignright size-medium wp-image-377\" src=\"http:\/\/seamec.se\/wp-content\/uploads\/2018\/01\/Karta-2-300x298.jpg\" alt=\"\" width=\"300\" height=\"298\" srcset=\"http:\/\/seamec.se\/wp-content\/uploads\/2018\/01\/Karta-2-300x298.jpg 300w, http:\/\/seamec.se\/wp-content\/uploads\/2018\/01\/Karta-2-150x150.jpg 150w, http:\/\/seamec.se\/wp-content\/uploads\/2018\/01\/Karta-2-100x100.jpg 100w, http:\/\/seamec.se\/wp-content\/uploads\/2018\/01\/Karta-2.jpg 629w\" sizes=\"(max-width: 300px) 100vw, 300px\" \/><\/a><\/p>\n<p style=\"text-align: left;\">Vi finns p\u00e5 H\u00f6n\u00f6 i G\u00f6teborgs norra sk\u00e4rg\u00e5rd<br \/>\nNi n\u00e5r oss p\u00e5 0705-671818 eller <a href=\"mailto:seamecjohan@gmail.com\">seamecjohan@gmail.com<br \/>\n<\/a><\/p>\n<p style=\"text-align: left;\">Johan H\u00e4ggstr\u00f6m<br \/>\nSeamec Engineering<br \/>\n\u00d6cker\u00f6v\u00e4gen 15<br \/>\n475 42 H\u00f6n\u00f6<\/p>\n<p>Polyetenverkstaden ligger ocks\u00e5 i H\u00f6n\u00f6 Kl\u00e5va med adress:<br \/>\nSeamec Engineering<br \/>\n\u00d6stra Hamnen 16<\/p>\n","protected":false},"excerpt":{"rendered":"<p>Vi finns p\u00e5 H\u00f6n\u00f6 i G\u00f6teborgs norra sk\u00e4rg\u00e5rd Ni n\u00e5r oss p\u00e5 0705-671818 eller seamecjohan@gmail.com Johan H\u00e4ggstr\u00f6m Seamec Engineering \u00d6cker\u00f6v\u00e4gen 15 475 42 H\u00f6n\u00f6 Polyetenverkstaden ligger ocks\u00e5 i H\u00f6n\u00f6 Kl\u00e5va med adress: Seamec Engineering \u00d6stra Hamnen 16<\/p>\n","protected":false},"author":1,"featured_media":0,"parent":0,"menu_order":0,"comment_status":"closed","ping_status":"closed","template":"","meta":[],"yoast_head":"<!-- This site is optimized with the Yoast SEO plugin v20.2.1 - https:\/\/yoast.com\/wordpress\/plugins\/seo\/ -->\n<title>Kontakta oss - Seamec Engineering<\/title>\n<meta name=\"robots\" content=\"index, follow, max-snippet:-1, max-image-preview:large, max-video-preview:-1\" \/>\n<link rel=\"canonical\" href=\"http:\/\/seamec.se\/?page_id=39\" \/>\n<meta property=\"og:locale\" content=\"sv_SE\" \/>\n<meta property=\"og:type\" content=\"article\" \/>\n<meta property=\"og:title\" content=\"Kontakta oss - Seamec Engineering\" \/>\n<meta property=\"og:description\" content=\"Vi finns p\u00e5 H\u00f6n\u00f6 i G\u00f6teborgs norra sk\u00e4rg\u00e5rd Ni n\u00e5r oss p\u00e5 0705-671818 eller seamecjohan@gmail.com Johan H\u00e4ggstr\u00f6m Seamec Engineering \u00d6cker\u00f6v\u00e4gen 15 475 42 H\u00f6n\u00f6 Polyetenverkstaden ligger ocks\u00e5 i H\u00f6n\u00f6 Kl\u00e5va med adress: Seamec Engineering \u00d6stra Hamnen 16\" \/>\n<meta property=\"og:url\" content=\"http:\/\/seamec.se\/?page_id=39\" \/>\n<meta property=\"og:site_name\" content=\"Seamec Engineering\" \/>\n<meta property=\"article:modified_time\" content=\"2023-03-12T14:59:11+00:00\" \/>\n<meta property=\"og:image\" content=\"http:\/\/seamec.se\/wp-content\/uploads\/2018\/01\/Karta-1-300x290.jpg\" \/>\n<meta name=\"twitter:card\" content=\"summary_large_image\" \/>\n<script type=\"application\/ld+json\" class=\"yoast-schema-graph\">{\"@context\":\"https:\/\/schema.org\",\"@graph\":[{\"@type\":\"WebPage\",\"@id\":\"http:\/\/seamec.se\/?page_id=39\",\"url\":\"http:\/\/seamec.se\/?page_id=39\",\"name\":\"Kontakta oss - Seamec Engineering\",\"isPartOf\":{\"@id\":\"http:\/\/seamec.se\/#website\"},\"datePublished\":\"2017-12-25T10:58:40+00:00\",\"dateModified\":\"2023-03-12T14:59:11+00:00\",\"breadcrumb\":{\"@id\":\"http:\/\/seamec.se\/?page_id=39#breadcrumb\"},\"inLanguage\":\"sv-SE\",\"potentialAction\":[{\"@type\":\"ReadAction\",\"target\":[\"http:\/\/seamec.se\/?page_id=39\"]}]},{\"@type\":\"BreadcrumbList\",\"@id\":\"http:\/\/seamec.se\/?page_id=39#breadcrumb\",\"itemListElement\":[{\"@type\":\"ListItem\",\"position\":1,\"name\":\"Home\",\"item\":\"http:\/\/seamec.se\/\"},{\"@type\":\"ListItem\",\"position\":2,\"name\":\"Kontakta oss\"}]},{\"@type\":\"WebSite\",\"@id\":\"http:\/\/seamec.se\/#website\",\"url\":\"http:\/\/seamec.se\/\",\"name\":\"Seamec Engineering\",\"description\":\"Hamn &amp; Sj\u00f6service\",\"potentialAction\":[{\"@type\":\"SearchAction\",\"target\":{\"@type\":\"EntryPoint\",\"urlTemplate\":\"http:\/\/seamec.se\/?s={search_term_string}\"},\"query-input\":\"required name=search_term_string\"}],\"inLanguage\":\"sv-SE\"}]}<\/script>\n<!-- \/ Yoast SEO plugin. -->","yoast_head_json":{"title":"Kontakta oss - Seamec Engineering","robots":{"index":"index","follow":"follow","max-snippet":"max-snippet:-1","max-image-preview":"max-image-preview:large","max-video-preview":"max-video-preview:-1"},"canonical":"http:\/\/seamec.se\/?page_id=39","og_locale":"sv_SE","og_type":"article","og_title":"Kontakta oss - Seamec Engineering","og_description":"Vi finns p\u00e5 H\u00f6n\u00f6 i G\u00f6teborgs norra sk\u00e4rg\u00e5rd Ni n\u00e5r oss p\u00e5 0705-671818 eller seamecjohan@gmail.com Johan H\u00e4ggstr\u00f6m Seamec Engineering \u00d6cker\u00f6v\u00e4gen 15 475 42 H\u00f6n\u00f6 Polyetenverkstaden ligger ocks\u00e5 i H\u00f6n\u00f6 Kl\u00e5va med adress: Seamec Engineering \u00d6stra Hamnen 16","og_url":"http:\/\/seamec.se\/?page_id=39","og_site_name":"Seamec Engineering","article_modified_time":"2023-03-12T14:59:11+00:00","og_image":[{"url":"http:\/\/seamec.se\/wp-content\/uploads\/2018\/01\/Karta-1-300x290.jpg"}],"twitter_card":"summary_large_image","schema":{"@context":"https:\/\/schema.org","@graph":[{"@type":"WebPage","@id":"http:\/\/seamec.se\/?page_id=39","url":"http:\/\/seamec.se\/?page_id=39","name":"Kontakta oss - Seamec Engineering","isPartOf":{"@id":"http:\/\/seamec.se\/#website"},"datePublished":"2017-12-25T10:58:40+00:00","dateModified":"2023-03-12T14:59:11+00:00","breadcrumb":{"@id":"http:\/\/seamec.se\/?page_id=39#breadcrumb"},"inLanguage":"sv-SE","potentialAction":[{"@type":"ReadAction","target":["http:\/\/seamec.se\/?page_id=39"]}]},{"@type":"BreadcrumbList","@id":"http:\/\/seamec.se\/?page_id=39#breadcrumb","itemListElement":[{"@type":"ListItem","position":1,"name":"Home","item":"http:\/\/seamec.se\/"},{"@type":"ListItem","position":2,"name":"Kontakta oss"}]},{"@type":"WebSite","@id":"http:\/\/seamec.se\/#website","url":"http:\/\/seamec.se\/","name":"Seamec Engineering","description":"Hamn &amp; Sj\u00f6service","potentialAction":[{"@type":"SearchAction","target":{"@type":"EntryPoint","urlTemplate":"http:\/\/seamec.se\/?s={search_term_string}"},"query-input":"required name=search_term_string"}],"inLanguage":"sv-SE"}]}},"_links":{"self":[{"href":"http:\/\/seamec.se\/index.php?rest_route=\/wp\/v2\/pages\/39"}],"collection":[{"href":"http:\/\/seamec.se\/index.php?rest_route=\/wp\/v2\/pages"}],"about":[{"href":"http:\/\/seamec.se\/index.php?rest_route=\/wp\/v2\/types\/page"}],"author":[{"embeddable":true,"href":"http:\/\/seamec.se\/index.php?rest_route=\/wp\/v2\/users\/1"}],"replies":[{"embeddable":true,"href":"http:\/\/seamec.se\/index.php?rest_route=%2Fwp%2Fv2%2Fcomments&post=39"}],"version-history":[{"count":18,"href":"http:\/\/seamec.se\/index.php?rest_route=\/wp\/v2\/pages\/39\/revisions"}],"predecessor-version":[{"id":627,"href":"http:\/\/seamec.se\/index.php?rest_route=\/wp\/v2\/pages\/39\/revisions\/627"}],"wp:attachment":[{"href":"http:\/\/seamec.se\/index.php?rest_route=%2Fwp%2Fv2%2Fmedia&parent=39"}],"curies":[{"name":"wp","href":"https:\/\/api.w.org\/{rel}","templated":true}]}}